{"id":29221,"date":"2026-04-17T11:04:34","date_gmt":"2026-04-17T08:04:34","guid":{"rendered":"https:\/\/citycocoonskincare.com\/es\/product\/hydra-lift-eye-cream\/"},"modified":"2026-04-30T12:57:45","modified_gmt":"2026-04-30T09:57:45","slug":"hydra-lift-eye-cream","status":"publish","type":"product","link":"https:\/\/citycocoonskincare.com\/es\/product\/hydra-lift-eye-cream\/","title":{"rendered":"Hydra Lift Eye Cream"},"content":{"rendered":"<p>La crema para el contorno de ojos Hydra Lift ha sido especialmente desarrollada para la delicada zona de los ojos, donde suelen aparecer los primeros signos de fatiga.<\/p>\n<p>La f\u00f3rmula contiene Eyeliss\u2122, una combinaci\u00f3n de ingredientes activos conocidos por ayudar a reducir la hinchaz\u00f3n y las bolsas bajo los ojos. Favorece la microcirculaci\u00f3n y mejora el aspecto de la zona de los ojos, para que estos luzcan m\u00e1s firmes y descansados.<\/p>\n<p>El bakuchiol act\u00faa en sinergia con los p\u00e9ptidos para favorecer la elasticidad y la suavidad de la piel. El escualeno y los aceites de rosa mosqueta y de semillas de frambuesa nutren la piel y la protegen de la sequedad, mientras que el complejo hidratante proporciona confort durante todo el d\u00eda.<\/p>\n<p>Su textura es ligera, se absorbe r\u00e1pidamente y es apta para su uso tanto por la ma\u00f1ana como por la noche.<\/p>\n<p>Indicada para:<\/p>\n<p>hinchaz\u00f3n y bolsas visibles debajo de los ojos<br \/>\nsequedad en la zona del contorno de los ojos<br \/>\nojos con aspecto cansado<\/p>\n","protected":false},"excerpt":{"rendered":"<p>Crema para el contorno de los ojos con el complejo pept\u00eddico Eyeliss\u2122 y bakuchiol. Ayuda a reducir la hinchaz\u00f3n visible, hidrata la piel y deja el contorno de los ojos con un aspecto m\u00e1s fresco y descansado.<\/p>\n","protected":false},"featured_media":16062,"comment_status":"open","ping_status":"closed","template":"","meta":[],"product_brand":[73],"product_cat":[180,184],"product_tag":[],"class_list":{"0":"post-29221","1":"product","2":"type-product","3":"status-publish","4":"has-post-thumbnail","6":"product_brand-city-cocoon","7":"product_cat-cara","8":"product_cat-tratamiento-y-lifting","10":"first","11":"instock","12":"shipping-taxable","13":"purchasable","14":"product-type-simple"},"_links":{"self":[{"href":"https:\/\/citycocoonskincare.com\/es\/wp-json\/wp\/v2\/product\/29221","targetHints":{"allow":["GET"]}}],"collection":[{"href":"https:\/\/citycocoonskincare.com\/es\/wp-json\/wp\/v2\/product"}],"about":[{"href":"https:\/\/citycocoonskincare.com\/es\/wp-json\/wp\/v2\/types\/product"}],"replies":[{"embeddable":true,"href":"https:\/\/citycocoonskincare.com\/es\/wp-json\/wp\/v2\/comments?post=29221"}],"version-history":[{"count":4,"href":"https:\/\/citycocoonskincare.com\/es\/wp-json\/wp\/v2\/product\/29221\/revisions"}],"predecessor-version":[{"id":29499,"href":"https:\/\/citycocoonskincare.com\/es\/wp-json\/wp\/v2\/product\/29221\/revisions\/29499"}],"wp:featuredmedia":[{"embeddable":true,"href":"https:\/\/citycocoonskincare.com\/es\/wp-json\/wp\/v2\/media\/16062"}],"wp:attachment":[{"href":"https:\/\/citycocoonskincare.com\/es\/wp-json\/wp\/v2\/media?parent=29221"}],"wp:term":[{"taxonomy":"product_brand","embeddable":true,"href":"https:\/\/citycocoonskincare.com\/es\/wp-json\/wp\/v2\/product_brand?post=29221"},{"taxonomy":"product_cat","embeddable":true,"href":"https:\/\/citycocoonskincare.com\/es\/wp-json\/wp\/v2\/product_cat?post=29221"},{"taxonomy":"product_tag","embeddable":true,"href":"https:\/\/citycocoonskincare.com\/es\/wp-json\/wp\/v2\/product_tag?post=29221"}],"curies":[{"name":"wp","href":"https:\/\/api.w.org\/{rel}","templated":true}]}}