{"id":29219,"date":"2026-04-17T11:04:34","date_gmt":"2026-04-17T08:04:34","guid":{"rendered":"https:\/\/citycocoonskincare.com\/es\/product\/energizing-oil-serum\/"},"modified":"2026-04-30T12:57:08","modified_gmt":"2026-04-30T09:57:08","slug":"energizing-oil-serum","status":"publish","type":"product","link":"https:\/\/citycocoonskincare.com\/es\/product\/energizing-oil-serum\/","title":{"rendered":"Energizing Oil Serum"},"content":{"rendered":"<p>El s\u00e9rum energizante es un s\u00e9rum en aceite ligero pero nutritivo, dise\u00f1ado para revitalizar la piel y protegerla de la sequedad.<\/p>\n<p>Su base de escualeno suaviza la piel y ayuda a retener la hidrataci\u00f3n sin dejar sensaci\u00f3n de pesadez. Los aceites de semilla de uva, pepino y caf\u00e9 aportan un cuidado adicional y propiedades antioxidantes, dejando la piel m\u00e1s suave y flexible al tacto. La vitamina E ayuda a mantener la estabilidad de la f\u00f3rmula y protege la piel de los factores externos agresivos.<\/p>\n<p>Bastan unas pocas gotas para dar a la piel un aspecto fresco y saludable y un sutil brillo natural. Se puede utilizar solo o como \u00faltimo paso despu\u00e9s de la crema hidratante cuando la piel necesita un confort extra.<\/p>\n<p>Indicado para:<\/p>\n<p>piel seca y deshidratada<br \/>\npiel con sensaci\u00f3n de tirantez<br \/>\nprotecci\u00f3n durante los d\u00edas fr\u00edos o ventosos<\/p>\n","protected":false},"excerpt":{"rendered":"<p>S\u00e9rum nutritivo a base de aceite con escualeno y aceites de semillas de uva y pepino. Refuerza la barrera cut\u00e1nea y deja la piel suave y con un brillo natural.<\/p>\n","protected":false},"featured_media":16067,"comment_status":"open","ping_status":"closed","template":"","meta":[],"product_brand":[73],"product_cat":[180,184],"product_tag":[],"class_list":{"0":"post-29219","1":"product","2":"type-product","3":"status-publish","4":"has-post-thumbnail","6":"product_brand-city-cocoon","7":"product_cat-cara","8":"product_cat-tratamiento-y-lifting","10":"first","11":"instock","12":"shipping-taxable","13":"purchasable","14":"product-type-simple"},"_links":{"self":[{"href":"https:\/\/citycocoonskincare.com\/es\/wp-json\/wp\/v2\/product\/29219","targetHints":{"allow":["GET"]}}],"collection":[{"href":"https:\/\/citycocoonskincare.com\/es\/wp-json\/wp\/v2\/product"}],"about":[{"href":"https:\/\/citycocoonskincare.com\/es\/wp-json\/wp\/v2\/types\/product"}],"replies":[{"embeddable":true,"href":"https:\/\/citycocoonskincare.com\/es\/wp-json\/wp\/v2\/comments?post=29219"}],"version-history":[{"count":5,"href":"https:\/\/citycocoonskincare.com\/es\/wp-json\/wp\/v2\/product\/29219\/revisions"}],"predecessor-version":[{"id":29497,"href":"https:\/\/citycocoonskincare.com\/es\/wp-json\/wp\/v2\/product\/29219\/revisions\/29497"}],"wp:featuredmedia":[{"embeddable":true,"href":"https:\/\/citycocoonskincare.com\/es\/wp-json\/wp\/v2\/media\/16067"}],"wp:attachment":[{"href":"https:\/\/citycocoonskincare.com\/es\/wp-json\/wp\/v2\/media?parent=29219"}],"wp:term":[{"taxonomy":"product_brand","embeddable":true,"href":"https:\/\/citycocoonskincare.com\/es\/wp-json\/wp\/v2\/product_brand?post=29219"},{"taxonomy":"product_cat","embeddable":true,"href":"https:\/\/citycocoonskincare.com\/es\/wp-json\/wp\/v2\/product_cat?post=29219"},{"taxonomy":"product_tag","embeddable":true,"href":"https:\/\/citycocoonskincare.com\/es\/wp-json\/wp\/v2\/product_tag?post=29219"}],"curies":[{"name":"wp","href":"https:\/\/api.w.org\/{rel}","templated":true}]}}